{"id":39,"date":"2019-03-06T18:41:01","date_gmt":"2019-03-06T18:41:01","guid":{"rendered":"https:\/\/neu.zumdeutschenschaeferhund.de\/?page_id=39"},"modified":"2026-03-04T12:56:52","modified_gmt":"2026-03-04T12:56:52","slug":"startseite","status":"publish","type":"page","link":"https:\/\/zumdeutschenschaeferhund.de\/","title":{"rendered":"Startseite"},"content":{"rendered":"\t\t<div data-elementor-type=\"wp-post\" data-elementor-id=\"39\" class=\"elementor elementor-39\">\n\t\t\t\t\t\t<section class=\"elementor-section elementor-top-section elementor-element elementor-element-70b359a elementor-section-boxed elementor-section-height-default elementor-section-height-default\" data-id=\"70b359a\" data-element_type=\"section\">\n\t\t\t\t\t\t<div class=\"elementor-container elementor-column-gap-default\">\n\t\t\t\t\t<div class=\"elementor-column elementor-col-100 elementor-top-column elementor-element elementor-element-1b65ea1\" data-id=\"1b65ea1\" data-element_type=\"column\">\n\t\t\t<div class=\"elementor-widget-wrap elementor-element-populated\">\n\t\t\t\t\t\t<div class=\"elementor-element elementor-element-c7ca8b5 elementor-widget elementor-widget-spacer\" data-id=\"c7ca8b5\" data-element_type=\"widget\" data-widget_type=\"spacer.default\">\n\t\t\t\t<div class=\"elementor-widget-container\">\n\t\t\t\t\t<div class=\"elementor-spacer\">\n\t\t\t<div class=\"elementor-spacer-inner\"><\/div>\n\t\t<\/div>\n\t\t\t\t<\/div>\n\t\t\t\t<\/div>\n\t\t\t\t<div class=\"elementor-element elementor-element-9e36aee elementor-widget elementor-widget-image\" data-id=\"9e36aee\" data-element_type=\"widget\" data-widget_type=\"image.default\">\n\t\t\t\t<div class=\"elementor-widget-container\">\n\t\t\t\t\t\t\t\t\t\t\t\t\t<img fetchpriority=\"high\" decoding=\"async\" width=\"650\" height=\"200\" src=\"https:\/\/zumdeutschenschaeferhund.de\/wp-content\/uploads\/2019\/03\/header_sample.jpg\" class=\"attachment-large size-large wp-image-17\" alt=\"\" srcset=\"https:\/\/zumdeutschenschaeferhund.de\/wp-content\/uploads\/2019\/03\/header_sample.jpg 650w, https:\/\/zumdeutschenschaeferhund.de\/wp-content\/uploads\/2019\/03\/header_sample-300x92.jpg 300w\" sizes=\"(max-width: 650px) 100vw, 650px\" \/>\t\t\t\t\t\t\t\t\t\t\t\t\t<\/div>\n\t\t\t\t<\/div>\n\t\t\t\t\t<\/div>\n\t\t<\/div>\n\t\t\t\t\t<\/div>\n\t\t<\/section>\n\t\t\t\t<section class=\"elementor-section elementor-top-section elementor-element elementor-element-f70c9df elementor-section-boxed elementor-section-height-default elementor-section-height-default\" data-id=\"f70c9df\" data-element_type=\"section\">\n\t\t\t\t\t\t<div class=\"elementor-container elementor-column-gap-default\">\n\t\t\t\t\t<div class=\"elementor-column elementor-col-100 elementor-top-column elementor-element elementor-element-c17048f\" data-id=\"c17048f\" data-element_type=\"column\">\n\t\t\t<div class=\"elementor-widget-wrap elementor-element-populated\">\n\t\t\t\t\t\t<div class=\"elementor-element elementor-element-d43e57a elementor-widget elementor-widget-heading\" data-id=\"d43e57a\" data-element_type=\"widget\" data-widget_type=\"heading.default\">\n\t\t\t\t<div class=\"elementor-widget-container\">\n\t\t\t<h2 class=\"elementor-heading-title elementor-size-default\"><h2 data-elementor-setting-key=\"title\" data-pen-placeholder=\"Eingabe hier...\" style=\"text-align: center;\">Herzlich Willkommen beim <br>\"Restaurant Zum Deutschen Sch\u00e4ferhund\"<\/h2><\/h2>\t\t<\/div>\n\t\t\t\t<\/div>\n\t\t\t\t<div class=\"elementor-element elementor-element-07fbd67 elementor-widget elementor-widget-text-editor\" data-id=\"07fbd67\" data-element_type=\"widget\" data-widget_type=\"text-editor.default\">\n\t\t\t\t<div class=\"elementor-widget-container\">\n\t\t\t\t\t\t\t<p style=\"text-align: center;\">Liebe G\u00e4ste &amp; Freunde,<\/p><p style=\"text-align: center;\"><b>Wir freuen uns auf Ihren Besuch.<\/b><\/p><p style=\"text-align: center;\"><b>F\u00fcr Reservierungen rufen Sie uns gerne an: 06251-51500.<\/b><\/p><p style=\"text-align: center;\">Euer Team vom deutschen Sch\u00e4ferhund<\/p>\t\t\t\t\t\t<\/div>\n\t\t\t\t<\/div>\n\t\t\t\t\t<\/div>\n\t\t<\/div>\n\t\t\t\t\t<\/div>\n\t\t<\/section>\n\t\t\t\t<section class=\"elementor-section elementor-top-section elementor-element elementor-element-cf44a14 elementor-section-boxed elementor-section-height-default elementor-section-height-default\" data-id=\"cf44a14\" data-element_type=\"section\">\n\t\t\t\t\t\t<div class=\"elementor-container elementor-column-gap-default\">\n\t\t\t\t\t<div class=\"elementor-column elementor-col-100 elementor-top-column elementor-element elementor-element-0b12362\" data-id=\"0b12362\" data-element_type=\"column\">\n\t\t\t<div class=\"elementor-widget-wrap\">\n\t\t\t\t\t\t\t<\/div>\n\t\t<\/div>\n\t\t\t\t\t<\/div>\n\t\t<\/section>\n\t\t\t\t<section class=\"elementor-section elementor-top-section elementor-element elementor-element-842f279 elementor-section-boxed elementor-section-height-default elementor-section-height-default\" data-id=\"842f279\" data-element_type=\"section\">\n\t\t\t\t\t\t<div class=\"elementor-container elementor-column-gap-default\">\n\t\t\t\t\t<div class=\"elementor-column elementor-col-50 elementor-top-column elementor-element elementor-element-5c267d4\" data-id=\"5c267d4\" data-element_type=\"column\">\n\t\t\t<div class=\"elementor-widget-wrap elementor-element-populated\">\n\t\t\t\t\t\t<div class=\"elementor-element elementor-element-3095659 elementor-widget elementor-widget-text-editor\" data-id=\"3095659\" data-element_type=\"widget\" data-widget_type=\"text-editor.default\">\n\t\t\t\t<div class=\"elementor-widget-container\">\n\t\t\t\t\t\t\t<h3>Ein breites Speisenangebot<\/h3>\n<p>Unser Restaurant bietet eine vielf\u00e4ltige K\u00fcche mit K\u00f6stlichkeiten und Gerichten f\u00fcr alle Geschm\u00e4cker.&nbsp;<br><span style=\"background-color: transparent;\">Unsere Gerichte werden stets mit frischen Produkten liebevoll zubereitet.<br><\/span><span style=\"background-color: transparent;\">\u00dcberzeugen Sie sich selbst und werfen Sie einen Blick unsere in unsere Speisekarte.<br><\/span><span style=\"background-color: transparent;\"><br>Alle Gerichte k\u00f6nnen wir selbstverst\u00e4ndlich auch zum Mitnehmen vorbereiten. <br>Damit Sie nicht im Lokal warten m\u00fcssen, bieten wir Ihnen gerne an, vor der Abholung telefonisch unter der 06251-51500 zu bestellen.<\/span><\/p>\t\t\t\t\t\t<\/div>\n\t\t\t\t<\/div>\n\t\t\t\t\t<\/div>\n\t\t<\/div>\n\t\t\t\t<div class=\"elementor-column elementor-col-50 elementor-top-column elementor-element elementor-element-68ac096\" data-id=\"68ac096\" data-element_type=\"column\">\n\t\t\t<div class=\"elementor-widget-wrap elementor-element-populated\">\n\t\t\t\t\t\t<div class=\"elementor-element elementor-element-f07a338 elementor-widget elementor-widget-heading\" data-id=\"f07a338\" data-element_type=\"widget\" data-widget_type=\"heading.default\">\n\t\t\t\t<div class=\"elementor-widget-container\">\n\t\t\t<h3 class=\"elementor-heading-title elementor-size-default\"><h3 style=\"white-space: normal;\">Unsere Speisekarte zum download<\/h3><\/h3>\t\t<\/div>\n\t\t\t\t<\/div>\n\t\t\t\t<div class=\"elementor-element elementor-element-ccf7152 elementor-button-info elementor-align-center elementor-widget elementor-widget-button\" data-id=\"ccf7152\" data-element_type=\"widget\" data-widget_type=\"button.default\">\n\t\t\t\t<div class=\"elementor-widget-container\">\n\t\t\t\t\t<div class=\"elementor-button-wrapper\">\n\t\t\t<a class=\"elementor-button elementor-button-link elementor-size-md\" href=\"https:\/\/zumdeutschenschaeferhund.de\/wp-content\/uploads\/2024\/03\/Speisekarte.pdf\" target=\"_blank\">\n\t\t\t\t\t\t<span class=\"elementor-button-content-wrapper\">\n\t\t\t\t\t\t<span class=\"elementor-button-icon elementor-align-icon-left\">\n\t\t\t\t\t\t\t\t\t<i class=\"\" aria-hidden=\"true\"><\/i>\n\t\t\t\t\t\t\t<\/span>\n\t\t\t\t\t\t<span class=\"elementor-button-text\">Speisekarte zum Download<\/span>\n\t\t<\/span>\n\t\t\t\t\t<\/a>\n\t\t<\/div>\n\t\t\t\t<\/div>\n\t\t\t\t<\/div>\n\t\t\t\t\t<\/div>\n\t\t<\/div>\n\t\t\t\t\t<\/div>\n\t\t<\/section>\n\t\t\t\t<section class=\"elementor-section elementor-top-section elementor-element elementor-element-dd9973f elementor-section-boxed elementor-section-height-default elementor-section-height-default\" data-id=\"dd9973f\" data-element_type=\"section\">\n\t\t\t\t\t\t<div class=\"elementor-container elementor-column-gap-default\">\n\t\t\t\t\t<div class=\"elementor-column elementor-col-50 elementor-top-column elementor-element elementor-element-8652afe\" data-id=\"8652afe\" data-element_type=\"column\">\n\t\t\t<div class=\"elementor-widget-wrap elementor-element-populated\">\n\t\t\t\t\t\t<section class=\"elementor-section elementor-inner-section elementor-element elementor-element-e90c7d6 elementor-section-boxed elementor-section-height-default elementor-section-height-default\" data-id=\"e90c7d6\" data-element_type=\"section\">\n\t\t\t\t\t\t<div class=\"elementor-container elementor-column-gap-default\">\n\t\t\t\t\t<div class=\"elementor-column elementor-col-50 elementor-inner-column elementor-element elementor-element-70e10eb\" data-id=\"70e10eb\" data-element_type=\"column\">\n\t\t\t<div class=\"elementor-widget-wrap elementor-element-populated\">\n\t\t\t\t\t\t<div class=\"elementor-element elementor-element-839e703 elementor-widget elementor-widget-text-editor\" data-id=\"839e703\" data-element_type=\"widget\" data-widget_type=\"text-editor.default\">\n\t\t\t\t<div class=\"elementor-widget-container\">\n\t\t\t\t\t\t\t<p>Genie\u00dfen Sie griechische Gastfreundschaft und unsere hervorragende griechische Spezialit\u00e4ten. Unser Restaurant bietet etwa 70 Innenpl\u00e4tze, sowie etwa 120 Terrassenpl\u00e4tze. Genie\u00dfen Sie in gem\u00fctlicher Atmosph\u00e4re und wundersch\u00f6nen Blick auf die freie Natur unsere gepflegten Speisen und unsere Gastfreundschaft.<\/p><p>Wir freuen uns auf Ihren Besuch.<\/p>\t\t\t\t\t\t<\/div>\n\t\t\t\t<\/div>\n\t\t\t\t\t<\/div>\n\t\t<\/div>\n\t\t\t\t<div class=\"elementor-column elementor-col-50 elementor-inner-column elementor-element elementor-element-5396b1c\" data-id=\"5396b1c\" data-element_type=\"column\">\n\t\t\t<div class=\"elementor-widget-wrap elementor-element-populated\">\n\t\t\t\t\t\t<div class=\"elementor-element elementor-element-29bdce1 elementor-widget elementor-widget-image\" data-id=\"29bdce1\" data-element_type=\"widget\" data-widget_type=\"image.default\">\n\t\t\t\t<div class=\"elementor-widget-container\">\n\t\t\t\t\t\t\t\t\t\t\t\t\t<img decoding=\"async\" width=\"650\" height=\"488\" src=\"https:\/\/zumdeutschenschaeferhund.de\/wp-content\/uploads\/2019\/03\/6.jpg\" class=\"attachment-large size-large wp-image-59\" alt=\"\" srcset=\"https:\/\/zumdeutschenschaeferhund.de\/wp-content\/uploads\/2019\/03\/6.jpg 650w, https:\/\/zumdeutschenschaeferhund.de\/wp-content\/uploads\/2019\/03\/6-300x225.jpg 300w, https:\/\/zumdeutschenschaeferhund.de\/wp-content\/uploads\/2019\/03\/6-230x173.jpg 230w, https:\/\/zumdeutschenschaeferhund.de\/wp-content\/uploads\/2019\/03\/6-350x263.jpg 350w, https:\/\/zumdeutschenschaeferhund.de\/wp-content\/uploads\/2019\/03\/6-480x360.jpg 480w\" sizes=\"(max-width: 650px) 100vw, 650px\" \/>\t\t\t\t\t\t\t\t\t\t\t\t\t<\/div>\n\t\t\t\t<\/div>\n\t\t\t\t\t<\/div>\n\t\t<\/div>\n\t\t\t\t\t<\/div>\n\t\t<\/section>\n\t\t\t\t\t<\/div>\n\t\t<\/div>\n\t\t\t\t<div class=\"elementor-column elementor-col-50 elementor-top-column elementor-element elementor-element-0328e52\" data-id=\"0328e52\" data-element_type=\"column\">\n\t\t\t<div class=\"elementor-widget-wrap elementor-element-populated\">\n\t\t\t\t\t\t<div class=\"elementor-element elementor-element-965951e elementor-widget elementor-widget-heading\" data-id=\"965951e\" data-element_type=\"widget\" data-widget_type=\"heading.default\">\n\t\t\t\t<div class=\"elementor-widget-container\">\n\t\t\t<h4 class=\"elementor-heading-title elementor-size-default\">Unsere \u00d6ffnungszeiten<\/h4>\t\t<\/div>\n\t\t\t\t<\/div>\n\t\t\t\t<div class=\"elementor-element elementor-element-07ae412 elementor-widget elementor-widget-text-editor\" data-id=\"07ae412\" data-element_type=\"widget\" data-widget_type=\"text-editor.default\">\n\t\t\t\t<div class=\"elementor-widget-container\">\n\t\t\t\t\t\t\t<p><span style=\"background-color: transparent;\"><b>Montag bis Samstag <\/b><br>17.00 Uhr bis 23.00 Uhr <br>Warme K\u00fcche bis 21.30 Uhr <br><b>Sonntag und Feiertag <\/b><br>11.30 Uhr bis 15.00 Uhr&nbsp; &amp;<br>17.00 Uhr bis 23.00 Uhr <br>Warme K\u00fcche bis 21.30 Uhr <\/span><\/p>\n<p><b>Dienstag Ruhetag<\/b><\/p>\t\t\t\t\t\t<\/div>\n\t\t\t\t<\/div>\n\t\t\t\t\t<\/div>\n\t\t<\/div>\n\t\t\t\t\t<\/div>\n\t\t<\/section>\n\t\t\t\t<section class=\"elementor-section elementor-top-section elementor-element elementor-element-e8be8f7 elementor-section-boxed elementor-section-height-default elementor-section-height-default\" data-id=\"e8be8f7\" data-element_type=\"section\">\n\t\t\t\t\t\t<div class=\"elementor-container elementor-column-gap-default\">\n\t\t\t\t\t<div class=\"elementor-column elementor-col-50 elementor-top-column elementor-element elementor-element-dc916c4\" data-id=\"dc916c4\" data-element_type=\"column\">\n\t\t\t<div class=\"elementor-widget-wrap elementor-element-populated\">\n\t\t\t\t\t\t<div class=\"elementor-element elementor-element-59128b5 elementor-widget elementor-widget-google_maps\" data-id=\"59128b5\" data-element_type=\"widget\" data-widget_type=\"google_maps.default\">\n\t\t\t\t<div class=\"elementor-widget-container\">\n\t\t\t\t\t<div class=\"elementor-custom-embed\">\n\t\t\t<iframe loading=\"lazy\"\n\t\t\t\t\tsrc=\"https:\/\/maps.google.com\/maps?q=Restaurant%20zum%20deutschen%20sch%C3%A4ferhund&#038;t=m&#038;z=13&#038;output=embed&#038;iwloc=near\"\n\t\t\t\t\ttitle=\"Restaurant zum deutschen sch\u00e4ferhund\"\n\t\t\t\t\taria-label=\"Restaurant zum deutschen sch\u00e4ferhund\"\n\t\t\t><\/iframe>\n\t\t<\/div>\n\t\t\t\t<\/div>\n\t\t\t\t<\/div>\n\t\t\t\t\t<\/div>\n\t\t<\/div>\n\t\t\t\t<div class=\"elementor-column elementor-col-50 elementor-top-column elementor-element elementor-element-2e54ee3\" data-id=\"2e54ee3\" data-element_type=\"column\">\n\t\t\t<div class=\"elementor-widget-wrap elementor-element-populated\">\n\t\t\t\t\t\t<div class=\"elementor-element elementor-element-d9985d5 elementor-widget elementor-widget-heading\" data-id=\"d9985d5\" data-element_type=\"widget\" data-widget_type=\"heading.default\">\n\t\t\t\t<div class=\"elementor-widget-container\">\n\t\t\t<h2 class=\"elementor-heading-title elementor-size-default\">Kontakt<\/h2>\t\t<\/div>\n\t\t\t\t<\/div>\n\t\t\t\t<div class=\"elementor-element elementor-element-a884f05 elementor-widget elementor-widget-text-editor\" data-id=\"a884f05\" data-element_type=\"widget\" data-widget_type=\"text-editor.default\">\n\t\t\t\t<div class=\"elementor-widget-container\">\n\t\t\t\t\t\t\t<p>Restaurant zum deutschen Sch\u00e4ferhund<br \/>Oltion Musta<\/p><p>Sachsenbuckselstra\u00dfe 9<br \/>64653 Lorsch<\/p><p><b>Telefon: 06251-51500<\/b><\/p><p><b>\u00a0<\/b><\/p>\t\t\t\t\t\t<\/div>\n\t\t\t\t<\/div>\n\t\t\t\t\t<\/div>\n\t\t<\/div>\n\t\t\t\t\t<\/div>\n\t\t<\/section>\n\t\t\t\t<section class=\"elementor-section elementor-top-section elementor-element elementor-element-b2c318d elementor-section-boxed elementor-section-height-default elementor-section-height-default\" data-id=\"b2c318d\" data-element_type=\"section\">\n\t\t\t\t\t\t<div class=\"elementor-container elementor-column-gap-default\">\n\t\t\t\t\t<div class=\"elementor-column elementor-col-20 elementor-top-column elementor-element elementor-element-35d89db\" data-id=\"35d89db\" data-element_type=\"column\">\n\t\t\t<div class=\"elementor-widget-wrap\">\n\t\t\t\t\t\t\t<\/div>\n\t\t<\/div>\n\t\t\t\t<div class=\"elementor-column elementor-col-20 elementor-top-column elementor-element elementor-element-59d98db\" data-id=\"59d98db\" data-element_type=\"column\">\n\t\t\t<div class=\"elementor-widget-wrap\">\n\t\t\t\t\t\t\t<\/div>\n\t\t<\/div>\n\t\t\t\t<div class=\"elementor-column elementor-col-20 elementor-top-column elementor-element elementor-element-3aee1ea\" data-id=\"3aee1ea\" data-element_type=\"column\">\n\t\t\t<div class=\"elementor-widget-wrap\">\n\t\t\t\t\t\t\t<\/div>\n\t\t<\/div>\n\t\t\t\t<div class=\"elementor-column elementor-col-20 elementor-top-column elementor-element elementor-element-990933f\" data-id=\"990933f\" data-element_type=\"column\">\n\t\t\t<div class=\"elementor-widget-wrap\">\n\t\t\t\t\t\t\t<\/div>\n\t\t<\/div>\n\t\t\t\t<div class=\"elementor-column elementor-col-20 elementor-top-column elementor-element elementor-element-b373902\" data-id=\"b373902\" data-element_type=\"column\">\n\t\t\t<div class=\"elementor-widget-wrap elementor-element-populated\">\n\t\t\t\t\t\t<div class=\"elementor-element elementor-element-1c57d73 elementor-widget elementor-widget-image\" data-id=\"1c57d73\" data-element_type=\"widget\" data-widget_type=\"image.default\">\n\t\t\t\t<div class=\"elementor-widget-container\">\n\t\t\t\t\t\t\t\t\t\t\t\t\t\t<a href=\"https:\/\/de-de.facebook.com\/Restaurant-zum-deutschen-Sch\u00e4ferhund-155430124495428\/\">\n\t\t\t\t\t\t\t<img decoding=\"async\" width=\"300\" height=\"108\" src=\"https:\/\/zumdeutschenschaeferhund.de\/wp-content\/uploads\/2020\/11\/facebook-300x108.jpg\" class=\"attachment-medium size-medium wp-image-92\" alt=\"\" srcset=\"https:\/\/zumdeutschenschaeferhund.de\/wp-content\/uploads\/2020\/11\/facebook-300x108.jpg 300w, https:\/\/zumdeutschenschaeferhund.de\/wp-content\/uploads\/2020\/11\/facebook-230x83.jpg 230w, https:\/\/zumdeutschenschaeferhund.de\/wp-content\/uploads\/2020\/11\/facebook-350x126.jpg 350w, https:\/\/zumdeutschenschaeferhund.de\/wp-content\/uploads\/2020\/11\/facebook-480x173.jpg 480w, https:\/\/zumdeutschenschaeferhund.de\/wp-content\/uploads\/2020\/11\/facebook.jpg 512w\" sizes=\"(max-width: 300px) 100vw, 300px\" \/>\t\t\t\t\t\t\t\t<\/a>\n\t\t\t\t\t\t\t\t\t\t\t\t\t<\/div>\n\t\t\t\t<\/div>\n\t\t\t\t\t<\/div>\n\t\t<\/div>\n\t\t\t\t\t<\/div>\n\t\t<\/section>\n\t\t\t\t<\/div>\n\t\t","protected":false},"excerpt":{"rendered":"<p>Herzlich Willkommen beim &#8222;Restaurant Zum Deutschen Sch\u00e4ferhund&#8220; Liebe G\u00e4ste &amp; Freunde, Wir freuen uns auf Ihren Besuch. F\u00fcr Reservierungen rufen Sie uns [&hellip;]<\/p>\n","protected":false},"author":1,"featured_media":17,"parent":0,"menu_order":0,"comment_status":"closed","ping_status":"closed","template":"page-templates\/page_front-page.php","meta":{"footnotes":""},"class_list":["post-39","page","type-page","status-publish","has-post-thumbnail","hentry"],"_links":{"self":[{"href":"https:\/\/zumdeutschenschaeferhund.de\/index.php?rest_route=\/wp\/v2\/pages\/39","targetHints":{"allow":["GET"]}}],"collection":[{"href":"https:\/\/zumdeutschenschaeferhund.de\/index.php?rest_route=\/wp\/v2\/pages"}],"about":[{"href":"https:\/\/zumdeutschenschaeferhund.de\/index.php?rest_route=\/wp\/v2\/types\/page"}],"author":[{"embeddable":true,"href":"https:\/\/zumdeutschenschaeferhund.de\/index.php?rest_route=\/wp\/v2\/users\/1"}],"replies":[{"embeddable":true,"href":"https:\/\/zumdeutschenschaeferhund.de\/index.php?rest_route=%2Fwp%2Fv2%2Fcomments&post=39"}],"version-history":[{"count":134,"href":"https:\/\/zumdeutschenschaeferhund.de\/index.php?rest_route=\/wp\/v2\/pages\/39\/revisions"}],"predecessor-version":[{"id":251,"href":"https:\/\/zumdeutschenschaeferhund.de\/index.php?rest_route=\/wp\/v2\/pages\/39\/revisions\/251"}],"wp:featuredmedia":[{"embeddable":true,"href":"https:\/\/zumdeutschenschaeferhund.de\/index.php?rest_route=\/wp\/v2\/media\/17"}],"wp:attachment":[{"href":"https:\/\/zumdeutschenschaeferhund.de\/index.php?rest_route=%2Fwp%2Fv2%2Fmedia&parent=39"}],"curies":[{"name":"wp","href":"https:\/\/api.w.org\/{rel}","templated":true}]}}